{"id":3326,"date":"2025-09-29T21:02:33","date_gmt":"2025-09-29T19:02:33","guid":{"rendered":"https:\/\/letsgoia.com\/ai-resource-download-ai-tools-for-more-effective-meetings\/"},"modified":"2026-01-12T20:58:46","modified_gmt":"2026-01-12T18:58:46","slug":"ai-resource-download-ai-tools-for-more-effective-meetings","status":"publish","type":"page","link":"https:\/\/letsgoia.com\/en\/ai-resource-download-ai-tools-for-more-effective-meetings\/","title":{"rendered":"AI Resource Download &#8211; AI Tools for More Effective Meetings"},"content":{"rendered":"<style id=\"wpforms-css-vars-1146-block-2a0175a6-e57d-4a87-98be-5470427f1f8f\">\n\t\t\t\t#wpforms-1146.wpforms-block-2a0175a6-e57d-4a87-98be-5470427f1f8f {\n\t\t\t\t--wpforms-field-size-input-height: 43px;\n--wpforms-field-size-input-spacing: 15px;\n--wpforms-field-size-font-size: 16px;\n--wpforms-field-size-line-height: 19px;\n--wpforms-field-size-padding-h: 14px;\n--wpforms-field-size-checkbox-size: 16px;\n--wpforms-field-size-sublabel-spacing: 5px;\n--wpforms-field-size-icon-size: 1;\n--wpforms-label-size-font-size: 16px;\n--wpforms-label-size-line-height: 19px;\n--wpforms-label-size-sublabel-font-size: 14px;\n--wpforms-label-size-sublabel-line-height: 17px;\n--wpforms-button-size-font-size: 17px;\n--wpforms-button-size-height: 41px;\n--wpforms-button-size-padding-h: 15px;\n--wpforms-button-size-margin-top: 10px;\n--wpforms-container-shadow-size-box-shadow: none;\n\t\t\t}\n\t\t\t<\/style><div class=\"wpforms-container wpforms-container-full wpforms-block wpforms-block-2a0175a6-e57d-4a87-98be-5470427f1f8f wpforms-render-modern\" id=\"wpforms-1146\"><form id=\"wpforms-form-1146\" class=\"wpforms-validate wpforms-form wpforms-ajax-form\" data-formid=\"1146\" method=\"post\" enctype=\"multipart\/form-data\" action=\"\/en\/wp-json\/wp\/v2\/pages\/3326\" data-token=\"40cf604b4a5b26074453042f62b4be78\" data-token-time=\"1776349586\"><noscript class=\"wpforms-error-noscript\">Please enable JavaScript in your browser to complete this form.<\/noscript><div id=\"wpforms-error-noscript\" style=\"display: none;\">Please enable JavaScript in your browser to complete this form.<\/div><div class=\"wpforms-field-container\"><div id=\"wpforms-1146-field_1-container\" class=\"wpforms-field wpforms-field-name\" data-field-type=\"name\" data-field-id=\"1\"><fieldset><legend class=\"wpforms-field-label\">Votre nom<\/legend><div class=\"wpforms-field-row wpforms-field-medium\"><div class=\"wpforms-field-row-block wpforms-first wpforms-one-half\"><input type=\"text\" id=\"wpforms-1146-field_1\" class=\"wpforms-field-name-first\" name=\"wpforms[fields][1][first]\" aria-errormessage=\"wpforms-1146-field_1-error\" ><label for=\"wpforms-1146-field_1\" class=\"wpforms-field-sublabel after\">First<\/label><\/div><div class=\"wpforms-field-row-block wpforms-one-half\"><input type=\"text\" id=\"wpforms-1146-field_1-last\" class=\"wpforms-field-name-last\" name=\"wpforms[fields][1][last]\" aria-errormessage=\"wpforms-1146-field_1-last-error\" ><label for=\"wpforms-1146-field_1-last\" class=\"wpforms-field-sublabel after\">Last<\/label><\/div><\/div><\/fieldset><\/div>\t\t<div id=\"wpforms-1146-field_4-container\"\n\t\t\tclass=\"wpforms-field wpforms-field-text\"\n\t\t\tdata-field-type=\"text\"\n\t\t\tdata-field-id=\"4\"\n\t\t\t>\n\t\t\t<label class=\"wpforms-field-label\" for=\"wpforms-1146-field_4\" >Votre e-mail Votre<\/label>\n\t\t\t<input type=\"text\" id=\"wpforms-1146-field_4\" class=\"wpforms-field-medium\" name=\"wpforms[fields][4]\" >\n\t\t<\/div>\n\t\t<div id=\"wpforms-1146-field_2-container\" class=\"wpforms-field wpforms-field-email\" data-field-type=\"email\" data-field-id=\"2\"><label class=\"wpforms-field-label\" for=\"wpforms-1146-field_2\">Votre e-mail <span class=\"wpforms-required-label\" aria-hidden=\"true\">*<\/span><\/label><input type=\"email\" id=\"wpforms-1146-field_2\" class=\"wpforms-field-medium wpforms-field-required\" name=\"wpforms[fields][2]\" spellcheck=\"false\" aria-errormessage=\"wpforms-1146-field_2-error\" required><\/div><div id=\"wpforms-1146-field_3-container\" class=\"wpforms-field wpforms-field-checkbox\" data-field-type=\"checkbox\" data-field-id=\"3\"><fieldset><legend class=\"wpforms-field-label\">Accord GDPR <span class=\"wpforms-required-label\" aria-hidden=\"true\">*<\/span><\/legend><ul id=\"wpforms-1146-field_3\" class=\"wpforms-field-required\"><li class=\"choice-1 depth-1\"><input type=\"checkbox\" id=\"wpforms-1146-field_3_1\" name=\"wpforms[fields][3][]\" value=\"J&#039;accepte\" aria-errormessage=\"wpforms-1146-field_3_1-error\" aria-describedby=\"wpforms-1146-field_3-description\" required ><label class=\"wpforms-field-label-inline\" for=\"wpforms-1146-field_3_1\">J&#8217;accepte<\/label><\/li><\/ul><div id=\"wpforms-1146-field_3-description\" class=\"wpforms-field-description\">que mes informations soient utilis\u00e9es pour me donner acc\u00e8s \u00e0 la ressource demand\u00e9e et pour recevoir, le cas \u00e9ch\u00e9ant, des communications en rapport avec les services de LetsGoIA. \n<a href=\"https:\/\/letsgoia.com\/mentions-legales-politique-de-confidentialite\/\" target=\"_blank\">Politique de confidentialit\u00e9<\/a><\/div><\/fieldset><\/div><script>\n\t\t\t\t( function() {\n\t\t\t\t\tconst style = document.createElement( 'style' );\n\t\t\t\t\tstyle.appendChild( document.createTextNode( '#wpforms-1146-field_4-container { position: absolute !important; overflow: hidden !important; display: inline !important; height: 1px !important; width: 1px !important; z-index: -1000 !important; padding: 0 !important; } #wpforms-1146-field_4-container input { visibility: hidden; } #wpforms-conversational-form-page #wpforms-1146-field_4-container label { counter-increment: none; }' ) );\n\t\t\t\t\tdocument.head.appendChild( style );\n\t\t\t\t\tdocument.currentScript?.remove();\n\t\t\t\t} )();\n\t\t\t<\/script><\/div><!-- .wpforms-field-container --><div class=\"wpforms-submit-container\" ><input type=\"hidden\" name=\"wpforms[id]\" value=\"1146\"><input type=\"hidden\" name=\"page_title\" value=\"\"><input type=\"hidden\" name=\"page_url\" value=\"https:\/\/letsgoia.com\/en\/wp-json\/wp\/v2\/pages\/3326\"><input type=\"hidden\" name=\"url_referer\" value=\"\"><button type=\"submit\" name=\"wpforms[submit]\" id=\"wpforms-submit-1146\" class=\"wpforms-submit\" data-alt-text=\"Envoi en cours...\" data-submit-text=\"Recevoir mon guide\" aria-live=\"assertive\" value=\"wpforms-submit\">Recevoir mon guide<\/button><img loading=\"lazy\" decoding=\"async\" src=\"https:\/\/letsgoia.com\/wp-content\/plugins\/wpforms\/assets\/images\/submit-spin.svg\" class=\"wpforms-submit-spinner\" style=\"display: none;\" width=\"26\" height=\"26\" alt=\"Loading\"><\/div><\/form><\/div>  <!-- .wpforms-container -->","protected":false},"excerpt":{"rendered":"","protected":false},"author":2,"featured_media":0,"parent":0,"menu_order":0,"comment_status":"closed","ping_status":"closed","template":"","meta":{"_price":"","_stock":"","_tribe_ticket_header":"","_tribe_default_ticket_provider":"","_tribe_ticket_capacity":"0","_ticket_start_date":"","_ticket_end_date":"","_tribe_ticket_show_description":"","_tribe_ticket_show_not_going":false,"_tribe_ticket_use_global_stock":"","_tribe_ticket_global_stock_level":"","_global_stock_mode":"","_global_stock_cap":"","_tribe_rsvp_for_event":"","_tribe_ticket_going_count":"","_tribe_ticket_not_going_count":"","_tribe_tickets_list":"[]","_tribe_ticket_has_attendee_info_fields":false,"_kadence_starter_templates_imported_post":false,"_kad_post_transparent":"","_kad_post_title":"","_kad_post_layout":"","_kad_post_sidebar_id":"","_kad_post_content_style":"","_kad_post_vertical_padding":"","_kad_post_feature":"","_kad_post_feature_position":"","_kad_post_header":false,"_kad_post_footer":false,"_kad_post_classname":"","footnotes":"","_tec_slr_enabled":"","_tec_slr_layout":""},"class_list":["post-3326","page","type-page","status-publish","hentry"],"ticketed":false,"_links":{"self":[{"href":"https:\/\/letsgoia.com\/en\/wp-json\/wp\/v2\/pages\/3326","targetHints":{"allow":["GET"]}}],"collection":[{"href":"https:\/\/letsgoia.com\/en\/wp-json\/wp\/v2\/pages"}],"about":[{"href":"https:\/\/letsgoia.com\/en\/wp-json\/wp\/v2\/types\/page"}],"author":[{"embeddable":true,"href":"https:\/\/letsgoia.com\/en\/wp-json\/wp\/v2\/users\/2"}],"replies":[{"embeddable":true,"href":"https:\/\/letsgoia.com\/en\/wp-json\/wp\/v2\/comments?post=3326"}],"version-history":[{"count":1,"href":"https:\/\/letsgoia.com\/en\/wp-json\/wp\/v2\/pages\/3326\/revisions"}],"predecessor-version":[{"id":3327,"href":"https:\/\/letsgoia.com\/en\/wp-json\/wp\/v2\/pages\/3326\/revisions\/3327"}],"wp:attachment":[{"href":"https:\/\/letsgoia.com\/en\/wp-json\/wp\/v2\/media?parent=3326"}],"curies":[{"name":"wp","href":"https:\/\/api.w.org\/{rel}","templated":true}]}}